{"id":889,"date":"2020-03-18T19:43:47","date_gmt":"2020-03-18T19:43:47","guid":{"rendered":"https:\/\/www.scooterhurenzeeland.nl\/startseite\/"},"modified":"2024-05-03T13:36:50","modified_gmt":"2024-05-03T13:36:50","slug":"startseite","status":"publish","type":"page","link":"https:\/\/www.scooterhurenzeeland.nl\/de\/","title":{"rendered":"Startseite"},"content":{"rendered":"<p>Was k\u00f6nnte mehr Spa\u00df machen als ein Ausflug mit einem Motorroller, E-Chopper oder Tuktuk? Zusammen mit Ihrer Familie, Freunden, Bekannten, Kollegen sind Sie bei Scooter Hire Zeeland an der richtigen Adresse f\u00fcr einen unvergesslichen Tag.<\/p>\n<p>Scooter mieten in Zeeland: die ideale Art, diese Provinz zu erkunden.<\/p>\n<p>Unsere Mietstationen befinden sich auf den Inseln Bevelanden in Zeeland. Auf den Bevelanden gibt es abwechslungsreiche Landschaften, wundersch\u00f6ne Blumendeiche, die mit Pappelreihen und \u00fcppig bl\u00fchenden Blumen bedeckt sind. Oder nehmen Sie die Oosterschelde, den gr\u00f6\u00dften Nationalpark der Niederlande mit einer Vielzahl von Fischgr\u00fcnden. Au\u00dferdem ist es wundersch\u00f6n, an der Westerschelde entlang zu fahren. Alle f\u00fcnf Minuten sehen Sie ein Schiff vorbeifahren.<\/p>\n<h2><strong>Unsere Mietstationen in Zeeland:<\/strong><\/h2>\n<ul>\n<li><a href=\"https:\/\/www.scooterhurenzeeland.nl\/de\/mietstandorte\/motorroller-mieten-zeeland-yerseke\/\">Yerseke &#8211; Scooterverleih Zeeland,<\/a><\/li>\n<li><a href=\"https:\/\/www.scooterhurenzeeland.nl\/de\/mietstandorte\/camping-den-inkel-kruiningen\/\">Kruiningen &#8211; Camping den Inkel,<\/a><\/li>\n<li><a href=\"https:\/\/www.scooterhurenzeeland.nl\/de\/mietstandorte\/vierlinden-goes\/\">Goes &#8211; Vierlinden,<\/a><\/li>\n<li><a href=\"https:\/\/www.scooterhurenzeeland.nl\/de\/mietstandorte\/campingplatz-t-veerse-meer-wolphaartsdijk\/\">Wolphaartsdijk &#8211; Campingplatz &#8218;Veerse Meer&#8216;,<\/a><\/li>\n<li><a href=\"https:\/\/www.scooterhurenzeeland.nl\/de\/mietstandorte\/op-t-hof-olmenstein-kloetinge\/\">Kloetinge &#8211; Op &#8218;t Hof Olmenstein<\/a>,<\/li>\n<li><a href=\"https:\/\/www.scooterhurenzeeland.nl\/de\/mietstandorte\/hofladen-der-plantage\/\">Kruiningen &#8211; Landwinkel de Plantage<\/a><\/li>\n<\/ul>\n<h2>Route2Play: macht das Mieten eines Rollers noch mehr Spa\u00df<\/h2>\n<p>Entdecken Sie die Gegend auf einzigartige Weise mit Route2play, einem interaktiven Spiel, das ausschlie\u00dflich in Kombination mit dem Verleih von E-Choppern, Motorrollern, Fatbikes und Tuktuks angeboten wird. Dieses spannende Spiel f\u00fchrt Sie durch die wundersch\u00f6ne Landschaft der Gemeinde Reimerswaal und verspricht ein unvergessliches Abenteuer voller Herausforderungen und Spa\u00df f\u00fcr Sie, Ihre Freunde, Familie oder Ihren Partner!<\/p>\n<h3>Wie funktioniert es?<\/h3>\n<p>W\u00e4hrend Ihrer Tour kommen Sie an verschiedene Orte, an denen Sie Ihre F\u00e4higkeiten und Ihre Entschlossenheit testen k\u00f6nnen. An jedem Standort finden Sie ein Route2play-Schild mit einem QR-Code. Scannen Sie den Code mit Ihrem Smartphone und lassen Sie das Spiel beginnen! Die Aufgaben reichen vom Erraten von Farben bis hin zur Suche nach Unterschieden in der Umgebung und sorgen garantiert f\u00fcr jede Menge Spa\u00df und Aufregung.<\/p>\n<h2>Scooter mieten in Zeeland? Buchen Sie bald!<\/h2>\n<p>Warten Sie nicht l\u00e4nger und buchen Sie schnell einen Motorroller, <a href=\"https:\/\/www.scooterhurenzeeland.nl\/de\/mieten\/e-hacker\/\">E-Chopper<\/a>, E-Scooter, ein Tuktuk oder Fatbikes, um diese wundersch\u00f6ne Provinz in Ihrem eigenen Tempo zu erkunden. Entdecken Sie selbst, dass jede Jahreszeit in Zeeland ihren eigenen Charme hat.<\/p>\n<p>M\u00f6chten Sie mehr \u00fcber unsere Vermietungen und alle Optionen, die wir anbieten, erfahren? Nehmen Sie sich die Zeit, unsere Website zu erkunden, auf der Sie umfangreiche Informationen finden. F\u00fcr alle Fragen stehen wir Ihnen gerne zur Verf\u00fcgung. Rufen Sie uns an oder schicken Sie uns eine E-Mail, wir helfen Ihnen gerne weiter.<\/p>\n","protected":false},"excerpt":{"rendered":"<p>Was k\u00f6nnte mehr Spa\u00df machen als ein Ausflug mit einem Motorroller, E-Chopper oder Tuktuk? Zusammen mit Ihrer Familie, Freunden, Bekannten, Kollegen sind Sie bei Scooter Hire Zeeland an der richtigen Adresse f\u00fcr einen unvergesslichen Tag. Scooter mieten in Zeeland: die ideale Art, diese Provinz zu erkunden. Unsere Mietstationen befinden sich auf den Inseln Bevelanden in [&hellip;]<\/p>\n","protected":false},"author":1,"featured_media":719,"parent":0,"menu_order":0,"comment_status":"closed","ping_status":"closed","template":"","meta":{"_acf_changed":false,"footnotes":""},"class_list":["post-889","page","type-page","status-publish","has-post-thumbnail","hentry"],"acf":[],"yoast_head":"<!-- This site is optimized with the Yoast SEO plugin v27.2 - https:\/\/yoast.com\/product\/yoast-seo-wordpress\/ -->\n<title>Scootervermietung Zeeland | Scooter, E-Chopper, Tuktuk und Fatbikes<\/title>\n<meta name=\"description\" content=\"Erleben Sie die wundersch\u00f6ne Umgebung von Zeeland mit den (E)-Scootern, E-Choppern, E-Tuktuks oder E-Fatbikes. Von Scooter Hire Zeeland.\" \/>\n<meta name=\"robots\" content=\"index, follow, max-snippet:-1, max-image-preview:large, max-video-preview:-1\" \/>\n<link rel=\"canonical\" href=\"https:\/\/www.scooterhurenzeeland.nl\/de\/\" \/>\n<meta property=\"og:locale\" content=\"de_DE\" \/>\n<meta property=\"og:type\" content=\"article\" \/>\n<meta property=\"og:title\" content=\"Scootervermietung Zeeland | Scooter, E-Chopper, Tuktuk und Fatbikes\" \/>\n<meta property=\"og:description\" content=\"Erleben Sie die wundersch\u00f6ne Umgebung von Zeeland mit den (E)-Scootern, E-Choppern, E-Tuktuks oder E-Fatbikes. Von Scooter Hire Zeeland.\" \/>\n<meta property=\"og:url\" content=\"https:\/\/www.scooterhurenzeeland.nl\/de\/\" \/>\n<meta property=\"og:site_name\" content=\"Scooter Huren Zeeland\" \/>\n<meta property=\"article:modified_time\" content=\"2024-05-03T13:36:50+00:00\" \/>\n<meta property=\"og:image\" content=\"https:\/\/www.scooterhurenzeeland.nl\/wp-content\/uploads\/2020\/08\/026-Scooter-huren-Zeeland-280720-5K4A0250-scaled.jpg\" \/>\n\t<meta property=\"og:image:width\" content=\"2560\" \/>\n\t<meta property=\"og:image:height\" content=\"1707\" \/>\n\t<meta property=\"og:image:type\" content=\"image\/jpeg\" \/>\n<meta name=\"twitter:card\" content=\"summary_large_image\" \/>\n<meta name=\"twitter:label1\" content=\"Gesch\u00e4tzte Lesezeit\" \/>\n\t<meta name=\"twitter:data1\" content=\"3\u00a0Minuten\" \/>\n<script type=\"application\/ld+json\" class=\"yoast-schema-graph\">{\"@context\":\"https:\/\/schema.org\",\"@graph\":[{\"@type\":\"WebPage\",\"@id\":\"https:\/\/www.scooterhurenzeeland.nl\/de\/\",\"url\":\"https:\/\/www.scooterhurenzeeland.nl\/de\/\",\"name\":\"Scootervermietung Zeeland | Scooter, E-Chopper, Tuktuk und Fatbikes\",\"isPartOf\":{\"@id\":\"https:\/\/www.scooterhurenzeeland.nl\/de\/#website\"},\"primaryImageOfPage\":{\"@id\":\"https:\/\/www.scooterhurenzeeland.nl\/de\/#primaryimage\"},\"image\":{\"@id\":\"https:\/\/www.scooterhurenzeeland.nl\/de\/#primaryimage\"},\"thumbnailUrl\":\"https:\/\/www.scooterhurenzeeland.nl\/wp-content\/uploads\/2020\/08\/026-Scooter-huren-Zeeland-280720-5K4A0250-scaled.jpg\",\"datePublished\":\"2020-03-18T19:43:47+00:00\",\"dateModified\":\"2024-05-03T13:36:50+00:00\",\"description\":\"Erleben Sie die wundersch\u00f6ne Umgebung von Zeeland mit den (E)-Scootern, E-Choppern, E-Tuktuks oder E-Fatbikes. Von Scooter Hire Zeeland.\",\"breadcrumb\":{\"@id\":\"https:\/\/www.scooterhurenzeeland.nl\/de\/#breadcrumb\"},\"inLanguage\":\"de\",\"potentialAction\":[{\"@type\":\"ReadAction\",\"target\":[\"https:\/\/www.scooterhurenzeeland.nl\/de\/\"]}]},{\"@type\":\"ImageObject\",\"inLanguage\":\"de\",\"@id\":\"https:\/\/www.scooterhurenzeeland.nl\/de\/#primaryimage\",\"url\":\"https:\/\/www.scooterhurenzeeland.nl\/wp-content\/uploads\/2020\/08\/026-Scooter-huren-Zeeland-280720-5K4A0250-scaled.jpg\",\"contentUrl\":\"https:\/\/www.scooterhurenzeeland.nl\/wp-content\/uploads\/2020\/08\/026-Scooter-huren-Zeeland-280720-5K4A0250-scaled.jpg\",\"width\":2560,\"height\":1707},{\"@type\":\"BreadcrumbList\",\"@id\":\"https:\/\/www.scooterhurenzeeland.nl\/de\/#breadcrumb\",\"itemListElement\":[{\"@type\":\"ListItem\",\"position\":1,\"name\":\"Home\",\"item\":\"https:\/\/www.scooterhurenzeeland.nl\/de\/\"},{\"@type\":\"ListItem\",\"position\":2,\"name\":\"Startseite\"}]},{\"@type\":\"WebSite\",\"@id\":\"https:\/\/www.scooterhurenzeeland.nl\/de\/#website\",\"url\":\"https:\/\/www.scooterhurenzeeland.nl\/de\/\",\"name\":\"Scooter Huren Zeeland\",\"description\":\"De ideale manier om deze provincie te ontdekken\",\"potentialAction\":[{\"@type\":\"SearchAction\",\"target\":{\"@type\":\"EntryPoint\",\"urlTemplate\":\"https:\/\/www.scooterhurenzeeland.nl\/de\/?s={search_term_string}\"},\"query-input\":{\"@type\":\"PropertyValueSpecification\",\"valueRequired\":true,\"valueName\":\"search_term_string\"}}],\"inLanguage\":\"de\"}]}<\/script>\n<!-- \/ Yoast SEO plugin. -->","yoast_head_json":{"title":"Scootervermietung Zeeland | Scooter, E-Chopper, Tuktuk und Fatbikes","description":"Erleben Sie die wundersch\u00f6ne Umgebung von Zeeland mit den (E)-Scootern, E-Choppern, E-Tuktuks oder E-Fatbikes. Von Scooter Hire Zeeland.","robots":{"index":"index","follow":"follow","max-snippet":"max-snippet:-1","max-image-preview":"max-image-preview:large","max-video-preview":"max-video-preview:-1"},"canonical":"https:\/\/www.scooterhurenzeeland.nl\/de\/","og_locale":"de_DE","og_type":"article","og_title":"Scootervermietung Zeeland | Scooter, E-Chopper, Tuktuk und Fatbikes","og_description":"Erleben Sie die wundersch\u00f6ne Umgebung von Zeeland mit den (E)-Scootern, E-Choppern, E-Tuktuks oder E-Fatbikes. Von Scooter Hire Zeeland.","og_url":"https:\/\/www.scooterhurenzeeland.nl\/de\/","og_site_name":"Scooter Huren Zeeland","article_modified_time":"2024-05-03T13:36:50+00:00","og_image":[{"width":2560,"height":1707,"url":"https:\/\/www.scooterhurenzeeland.nl\/wp-content\/uploads\/2020\/08\/026-Scooter-huren-Zeeland-280720-5K4A0250-scaled.jpg","type":"image\/jpeg"}],"twitter_card":"summary_large_image","twitter_misc":{"Gesch\u00e4tzte Lesezeit":"3\u00a0Minuten"},"schema":{"@context":"https:\/\/schema.org","@graph":[{"@type":"WebPage","@id":"https:\/\/www.scooterhurenzeeland.nl\/de\/","url":"https:\/\/www.scooterhurenzeeland.nl\/de\/","name":"Scootervermietung Zeeland | Scooter, E-Chopper, Tuktuk und Fatbikes","isPartOf":{"@id":"https:\/\/www.scooterhurenzeeland.nl\/de\/#website"},"primaryImageOfPage":{"@id":"https:\/\/www.scooterhurenzeeland.nl\/de\/#primaryimage"},"image":{"@id":"https:\/\/www.scooterhurenzeeland.nl\/de\/#primaryimage"},"thumbnailUrl":"https:\/\/www.scooterhurenzeeland.nl\/wp-content\/uploads\/2020\/08\/026-Scooter-huren-Zeeland-280720-5K4A0250-scaled.jpg","datePublished":"2020-03-18T19:43:47+00:00","dateModified":"2024-05-03T13:36:50+00:00","description":"Erleben Sie die wundersch\u00f6ne Umgebung von Zeeland mit den (E)-Scootern, E-Choppern, E-Tuktuks oder E-Fatbikes. Von Scooter Hire Zeeland.","breadcrumb":{"@id":"https:\/\/www.scooterhurenzeeland.nl\/de\/#breadcrumb"},"inLanguage":"de","potentialAction":[{"@type":"ReadAction","target":["https:\/\/www.scooterhurenzeeland.nl\/de\/"]}]},{"@type":"ImageObject","inLanguage":"de","@id":"https:\/\/www.scooterhurenzeeland.nl\/de\/#primaryimage","url":"https:\/\/www.scooterhurenzeeland.nl\/wp-content\/uploads\/2020\/08\/026-Scooter-huren-Zeeland-280720-5K4A0250-scaled.jpg","contentUrl":"https:\/\/www.scooterhurenzeeland.nl\/wp-content\/uploads\/2020\/08\/026-Scooter-huren-Zeeland-280720-5K4A0250-scaled.jpg","width":2560,"height":1707},{"@type":"BreadcrumbList","@id":"https:\/\/www.scooterhurenzeeland.nl\/de\/#breadcrumb","itemListElement":[{"@type":"ListItem","position":1,"name":"Home","item":"https:\/\/www.scooterhurenzeeland.nl\/de\/"},{"@type":"ListItem","position":2,"name":"Startseite"}]},{"@type":"WebSite","@id":"https:\/\/www.scooterhurenzeeland.nl\/de\/#website","url":"https:\/\/www.scooterhurenzeeland.nl\/de\/","name":"Scooter Huren Zeeland","description":"De ideale manier om deze provincie te ontdekken","potentialAction":[{"@type":"SearchAction","target":{"@type":"EntryPoint","urlTemplate":"https:\/\/www.scooterhurenzeeland.nl\/de\/?s={search_term_string}"},"query-input":{"@type":"PropertyValueSpecification","valueRequired":true,"valueName":"search_term_string"}}],"inLanguage":"de"}]}},"_links":{"self":[{"href":"https:\/\/www.scooterhurenzeeland.nl\/de\/wp-json\/wp\/v2\/pages\/889","targetHints":{"allow":["GET"]}}],"collection":[{"href":"https:\/\/www.scooterhurenzeeland.nl\/de\/wp-json\/wp\/v2\/pages"}],"about":[{"href":"https:\/\/www.scooterhurenzeeland.nl\/de\/wp-json\/wp\/v2\/types\/page"}],"author":[{"embeddable":true,"href":"https:\/\/www.scooterhurenzeeland.nl\/de\/wp-json\/wp\/v2\/users\/1"}],"replies":[{"embeddable":true,"href":"https:\/\/www.scooterhurenzeeland.nl\/de\/wp-json\/wp\/v2\/comments?post=889"}],"version-history":[{"count":2,"href":"https:\/\/www.scooterhurenzeeland.nl\/de\/wp-json\/wp\/v2\/pages\/889\/revisions"}],"predecessor-version":[{"id":953,"href":"https:\/\/www.scooterhurenzeeland.nl\/de\/wp-json\/wp\/v2\/pages\/889\/revisions\/953"}],"wp:featuredmedia":[{"embeddable":true,"href":"https:\/\/www.scooterhurenzeeland.nl\/de\/wp-json\/wp\/v2\/media\/719"}],"wp:attachment":[{"href":"https:\/\/www.scooterhurenzeeland.nl\/de\/wp-json\/wp\/v2\/media?parent=889"}],"curies":[{"name":"wp","href":"https:\/\/api.w.org\/{rel}","templated":true}]}}