{"id":891,"date":"2022-02-21T14:15:43","date_gmt":"2022-02-21T14:15:43","guid":{"rendered":"https:\/\/www.scooterhurenzeeland.nl\/standorte-der-vermietung\/"},"modified":"2024-05-03T13:37:02","modified_gmt":"2024-05-03T13:37:02","slug":"standorte-der-vermietung","status":"publish","type":"page","link":"https:\/\/www.scooterhurenzeeland.nl\/de\/standorte-der-vermietung\/","title":{"rendered":"Standorte der Vermietung"},"content":{"rendered":"<h2>Vermietstationen von Scooter Hire Zeeland<\/h2>\n<p>Mit 6 Mietstationen in Zeeland verf\u00fcgt Scooter Huren Zeeland \u00fcber eine gro\u00dfe Auswahl an Mietstationen. Bei Scooter Huren Zeeland k\u00f6nnen Sie einfach und schnell online mieten oder Sie k\u00f6nnen uns telefonisch <a href=\"https:\/\/www.scooterhurenzeeland.nl\/de\/kontakt\/\">kontaktieren.<\/a><\/p>\n<p>Scooter Huren Zeeland verf\u00fcgt \u00fcber jahrelange Erfahrung in der Vermietung von Motorrollern, E-Choppern, Tuktuks und Fahrr\u00e4dern und dies ist daher unsere Leidenschaft. Unser Ansatz ist es, das beste Erlebnis in Zeeland zu bieten. Deshalb bietet Scooter Hire Zeeland das beste Erlebnis zu einem guten Preis.<\/p>\n<p>Service ist unsere oberste Priorit\u00e4t! Die Wartung des gemieteten Fahrzeugs wird von unseren Mechanikern gew\u00e4hrleistet. Sie sorgen daf\u00fcr, dass Sie sicher auf der Stra\u00dfe unterwegs sind. Unsere Scooter stehen an verschiedenen Orten wie Campingpl\u00e4tzen, B&amp;Bs und Gastronomiebetrieben in Zeeland und speziell auf der Insel <a href=\"https:\/\/www.zeeland.com\/nl-nl\/live-work\/zeeuwse-regios\/noord--en-zuid-beveland\">Beveland<\/a>.<\/p>\n<p>Wir legen nicht nur Wert auf die Qualit\u00e4t unserer (E)-Scooter, sondern auch auf einen hervorragenden Kundenservice. Auf unserer benutzerfreundlichen Website k\u00f6nnen Sie jederzeit und \u00fcberall schnell einen Roller online buchen. Au\u00dferdem bieten wir f\u00fcr Smartphone-Nutzer eine einfach zu bedienende Website. Wir sind bereit, alle Ihre Fragen zu beantworten. Wir freuen uns darauf, Sie in einer unserer Vermietstationen begr\u00fc\u00dfen zu d\u00fcrfen.<\/p>\n","protected":false},"excerpt":{"rendered":"<p>Vermietstationen von Scooter Hire Zeeland Mit 6 Mietstationen in Zeeland verf\u00fcgt Scooter Huren Zeeland \u00fcber eine gro\u00dfe Auswahl an Mietstationen. Bei Scooter Huren Zeeland k\u00f6nnen Sie einfach und schnell online mieten oder Sie k\u00f6nnen uns telefonisch kontaktieren. Scooter Huren Zeeland verf\u00fcgt \u00fcber jahrelange Erfahrung in der Vermietung von Motorrollern, E-Choppern, Tuktuks und Fahrr\u00e4dern und dies [&hellip;]<\/p>\n","protected":false},"author":1,"featured_media":0,"parent":0,"menu_order":0,"comment_status":"closed","ping_status":"closed","template":"","meta":{"_acf_changed":false,"footnotes":""},"class_list":["post-891","page","type-page","status-publish","hentry"],"acf":[],"yoast_head":"<!-- This site is optimized with the Yoast SEO plugin v27.2 - https:\/\/yoast.com\/product\/yoast-seo-wordpress\/ -->\n<title>Standorte der Vermietung - Scooter Huren Zeeland<\/title>\n<meta name=\"description\" content=\"Mit 6 Mietstationen in Zeeland verf\u00fcgt Scooter Huren Zeeland \u00fcber eine gro\u00dfe Auswahl an Mietstationen. Scooter, E-Chopper, Tuktuks und Fahrr\u00e4der\" \/>\n<meta name=\"robots\" content=\"index, follow, max-snippet:-1, max-image-preview:large, max-video-preview:-1\" \/>\n<link rel=\"canonical\" href=\"https:\/\/www.scooterhurenzeeland.nl\/de\/standorte-der-vermietung\/\" \/>\n<meta property=\"og:locale\" content=\"de_DE\" \/>\n<meta property=\"og:type\" content=\"article\" \/>\n<meta property=\"og:title\" content=\"Standorte der Vermietung - Scooter Huren Zeeland\" \/>\n<meta property=\"og:description\" content=\"Mit 6 Mietstationen in Zeeland verf\u00fcgt Scooter Huren Zeeland \u00fcber eine gro\u00dfe Auswahl an Mietstationen. Scooter, E-Chopper, Tuktuks und Fahrr\u00e4der\" \/>\n<meta property=\"og:url\" content=\"https:\/\/www.scooterhurenzeeland.nl\/de\/standorte-der-vermietung\/\" \/>\n<meta property=\"og:site_name\" content=\"Scooter Huren Zeeland\" \/>\n<meta property=\"article:modified_time\" content=\"2024-05-03T13:37:02+00:00\" \/>\n<meta name=\"twitter:card\" content=\"summary_large_image\" \/>\n<meta name=\"twitter:label1\" content=\"Gesch\u00e4tzte Lesezeit\" \/>\n\t<meta name=\"twitter:data1\" content=\"1\u00a0Minute\" \/>\n<script type=\"application\/ld+json\" class=\"yoast-schema-graph\">{\"@context\":\"https:\/\/schema.org\",\"@graph\":[{\"@type\":\"WebPage\",\"@id\":\"https:\/\/www.scooterhurenzeeland.nl\/de\/standorte-der-vermietung\/\",\"url\":\"https:\/\/www.scooterhurenzeeland.nl\/de\/standorte-der-vermietung\/\",\"name\":\"Standorte der Vermietung - Scooter Huren Zeeland\",\"isPartOf\":{\"@id\":\"https:\/\/www.scooterhurenzeeland.nl\/de\/#website\"},\"datePublished\":\"2022-02-21T14:15:43+00:00\",\"dateModified\":\"2024-05-03T13:37:02+00:00\",\"description\":\"Mit 6 Mietstationen in Zeeland verf\u00fcgt Scooter Huren Zeeland \u00fcber eine gro\u00dfe Auswahl an Mietstationen. Scooter, E-Chopper, Tuktuks und Fahrr\u00e4der\",\"breadcrumb\":{\"@id\":\"https:\/\/www.scooterhurenzeeland.nl\/de\/standorte-der-vermietung\/#breadcrumb\"},\"inLanguage\":\"de\",\"potentialAction\":[{\"@type\":\"ReadAction\",\"target\":[\"https:\/\/www.scooterhurenzeeland.nl\/de\/standorte-der-vermietung\/\"]}]},{\"@type\":\"BreadcrumbList\",\"@id\":\"https:\/\/www.scooterhurenzeeland.nl\/de\/standorte-der-vermietung\/#breadcrumb\",\"itemListElement\":[{\"@type\":\"ListItem\",\"position\":1,\"name\":\"Home\",\"item\":\"https:\/\/www.scooterhurenzeeland.nl\/de\/\"},{\"@type\":\"ListItem\",\"position\":2,\"name\":\"Standorte der Vermietung\"}]},{\"@type\":\"WebSite\",\"@id\":\"https:\/\/www.scooterhurenzeeland.nl\/de\/#website\",\"url\":\"https:\/\/www.scooterhurenzeeland.nl\/de\/\",\"name\":\"Scooter Huren Zeeland\",\"description\":\"De ideale manier om deze provincie te ontdekken\",\"potentialAction\":[{\"@type\":\"SearchAction\",\"target\":{\"@type\":\"EntryPoint\",\"urlTemplate\":\"https:\/\/www.scooterhurenzeeland.nl\/de\/?s={search_term_string}\"},\"query-input\":{\"@type\":\"PropertyValueSpecification\",\"valueRequired\":true,\"valueName\":\"search_term_string\"}}],\"inLanguage\":\"de\"}]}<\/script>\n<!-- \/ Yoast SEO plugin. -->","yoast_head_json":{"title":"Standorte der Vermietung - Scooter Huren Zeeland","description":"Mit 6 Mietstationen in Zeeland verf\u00fcgt Scooter Huren Zeeland \u00fcber eine gro\u00dfe Auswahl an Mietstationen. Scooter, E-Chopper, Tuktuks und Fahrr\u00e4der","robots":{"index":"index","follow":"follow","max-snippet":"max-snippet:-1","max-image-preview":"max-image-preview:large","max-video-preview":"max-video-preview:-1"},"canonical":"https:\/\/www.scooterhurenzeeland.nl\/de\/standorte-der-vermietung\/","og_locale":"de_DE","og_type":"article","og_title":"Standorte der Vermietung - Scooter Huren Zeeland","og_description":"Mit 6 Mietstationen in Zeeland verf\u00fcgt Scooter Huren Zeeland \u00fcber eine gro\u00dfe Auswahl an Mietstationen. Scooter, E-Chopper, Tuktuks und Fahrr\u00e4der","og_url":"https:\/\/www.scooterhurenzeeland.nl\/de\/standorte-der-vermietung\/","og_site_name":"Scooter Huren Zeeland","article_modified_time":"2024-05-03T13:37:02+00:00","twitter_card":"summary_large_image","twitter_misc":{"Gesch\u00e4tzte Lesezeit":"1\u00a0Minute"},"schema":{"@context":"https:\/\/schema.org","@graph":[{"@type":"WebPage","@id":"https:\/\/www.scooterhurenzeeland.nl\/de\/standorte-der-vermietung\/","url":"https:\/\/www.scooterhurenzeeland.nl\/de\/standorte-der-vermietung\/","name":"Standorte der Vermietung - Scooter Huren Zeeland","isPartOf":{"@id":"https:\/\/www.scooterhurenzeeland.nl\/de\/#website"},"datePublished":"2022-02-21T14:15:43+00:00","dateModified":"2024-05-03T13:37:02+00:00","description":"Mit 6 Mietstationen in Zeeland verf\u00fcgt Scooter Huren Zeeland \u00fcber eine gro\u00dfe Auswahl an Mietstationen. Scooter, E-Chopper, Tuktuks und Fahrr\u00e4der","breadcrumb":{"@id":"https:\/\/www.scooterhurenzeeland.nl\/de\/standorte-der-vermietung\/#breadcrumb"},"inLanguage":"de","potentialAction":[{"@type":"ReadAction","target":["https:\/\/www.scooterhurenzeeland.nl\/de\/standorte-der-vermietung\/"]}]},{"@type":"BreadcrumbList","@id":"https:\/\/www.scooterhurenzeeland.nl\/de\/standorte-der-vermietung\/#breadcrumb","itemListElement":[{"@type":"ListItem","position":1,"name":"Home","item":"https:\/\/www.scooterhurenzeeland.nl\/de\/"},{"@type":"ListItem","position":2,"name":"Standorte der Vermietung"}]},{"@type":"WebSite","@id":"https:\/\/www.scooterhurenzeeland.nl\/de\/#website","url":"https:\/\/www.scooterhurenzeeland.nl\/de\/","name":"Scooter Huren Zeeland","description":"De ideale manier om deze provincie te ontdekken","potentialAction":[{"@type":"SearchAction","target":{"@type":"EntryPoint","urlTemplate":"https:\/\/www.scooterhurenzeeland.nl\/de\/?s={search_term_string}"},"query-input":{"@type":"PropertyValueSpecification","valueRequired":true,"valueName":"search_term_string"}}],"inLanguage":"de"}]}},"_links":{"self":[{"href":"https:\/\/www.scooterhurenzeeland.nl\/de\/wp-json\/wp\/v2\/pages\/891","targetHints":{"allow":["GET"]}}],"collection":[{"href":"https:\/\/www.scooterhurenzeeland.nl\/de\/wp-json\/wp\/v2\/pages"}],"about":[{"href":"https:\/\/www.scooterhurenzeeland.nl\/de\/wp-json\/wp\/v2\/types\/page"}],"author":[{"embeddable":true,"href":"https:\/\/www.scooterhurenzeeland.nl\/de\/wp-json\/wp\/v2\/users\/1"}],"replies":[{"embeddable":true,"href":"https:\/\/www.scooterhurenzeeland.nl\/de\/wp-json\/wp\/v2\/comments?post=891"}],"version-history":[{"count":2,"href":"https:\/\/www.scooterhurenzeeland.nl\/de\/wp-json\/wp\/v2\/pages\/891\/revisions"}],"predecessor-version":[{"id":957,"href":"https:\/\/www.scooterhurenzeeland.nl\/de\/wp-json\/wp\/v2\/pages\/891\/revisions\/957"}],"wp:attachment":[{"href":"https:\/\/www.scooterhurenzeeland.nl\/de\/wp-json\/wp\/v2\/media?parent=891"}],"curies":[{"name":"wp","href":"https:\/\/api.w.org\/{rel}","templated":true}]}}