{"id":895,"date":"2020-03-18T19:45:04","date_gmt":"2020-03-18T19:45:04","guid":{"rendered":"https:\/\/www.scooterhurenzeeland.nl\/datenschutzbestimmungen\/"},"modified":"2024-05-03T13:36:58","modified_gmt":"2024-05-03T13:36:58","slug":"datenschutzbestimmungen","status":"publish","type":"page","link":"https:\/\/www.scooterhurenzeeland.nl\/de\/datenschutzbestimmungen\/","title":{"rendered":"Datenschutzbestimmungen"},"content":{"rendered":"<p><span style=\"font-weight: 400;\">Lieber Besucher,<\/span><\/p>\n<p><span style=\"font-weight: 400;\">Vielen Dank, dass Sie unsere Website besuchen und uns \u00fcber das Kontakt-, Newsletter- und\/oder Bestellformular Informationen zukommen lassen. Wir m\u00f6chten zeigen, dass wir Ihre Daten mit Sorgfalt behandeln.<\/span><\/p>\n<p><strong>WER SIND WIR?<br \/>\n<\/strong><span style=\"font-weight: 400;\">Scooter Rental Zeeland, Handelsname Blue Green Holiday, mit Sitz in der Irislaan 15 in Yerseke, ist f\u00fcr die Verarbeitung der personenbezogenen Daten verantwortlich.<\/span><\/p>\n<p><span style=\"font-weight: 400;\">Unsere Kontaktinformationen:<\/span><\/p>\n<p><span style=\"font-weight: 400;\">Scooterverleih Zeeland<br \/>\n<\/span>Irislaan 15<br \/>\n<span style=\"font-weight: 400;\">4401 HX Yerseke<br \/>\n<\/span><span style=\"font-weight: 400;\">Telefonnummer: 0113-750711<\/span><\/p>\n<p><strong>WARUM SAMMELN WIR PERSONENBEZOGENE DATEN?<br \/>\n<\/strong><span style=\"font-weight: 400;\">Scooter Verhuur Zeeland verarbeitet Ihre personenbezogenen Daten, weil Sie unsere Dienste nutzen und\/oder weil Sie uns diese selbst zur Verf\u00fcgung stellen. Nachstehend finden Sie einen \u00dcberblick \u00fcber die von uns verarbeiteten personenbezogenen Daten:<\/span><\/p>\n<ul>\n<li style=\"font-weight: 400;\"><span style=\"font-weight: 400;\">Vorname und Nachname<\/span><\/li>\n<li style=\"font-weight: 400;\"><span style=\"font-weight: 400;\">Adresse Details<\/span><\/li>\n<li style=\"font-weight: 400;\"><span style=\"font-weight: 400;\">Postleitzahl<\/span><\/li>\n<li style=\"font-weight: 400;\"><span style=\"font-weight: 400;\">Name des Ortes<\/span><\/li>\n<li style=\"font-weight: 400;\"><span style=\"font-weight: 400;\">Rufnummer<\/span><\/li>\n<li style=\"font-weight: 400;\"><span style=\"font-weight: 400;\">E-Mail Adresse<\/span><\/li>\n<li style=\"font-weight: 400;\"><span style=\"font-weight: 400;\">Andere pers\u00f6nliche Daten, die Sie uns aktiv zur Verf\u00fcgung stellen, z.B. durch die Erstellung eines Profils auf dieser Website, in der Korrespondenz und per Telefon<\/span><\/li>\n<li style=\"font-weight: 400;\"><span style=\"font-weight: 400;\">Daten \u00fcber Ihre Aktivit\u00e4ten auf unserer Website<\/span><\/li>\n<li style=\"font-weight: 400;\"><span style=\"font-weight: 400;\">Internet-Browser und Ger\u00e4tetyp<\/span><\/li>\n<\/ul>\n<p><strong>ZU WELCHEM ZWECK UND AUF WELCHER GRUNDLAGE WIR PERSONENBEZOGENE DATEN VERARBEITEN<br \/>\n<\/strong><span style=\"font-weight: 400;\">Scooter Huren Zeeland verarbeitet Ihre personenbezogenen Daten f\u00fcr die folgenden Zwecke:<\/span><\/p>\n<ul>\n<li>Abwicklung Ihrer Zahlung<\/li>\n<li style=\"font-weight: 400;\"><span style=\"font-weight: 400;\">Erm\u00f6glicht Ihnen die Erstellung eines Kontos<\/span><\/li>\n<li style=\"font-weight: 400;\"><span style=\"font-weight: 400;\">Um Ihnen Waren und\/oder Dienstleistungen zu liefern<\/span><\/li>\n<li style=\"font-weight: 400;\"><span style=\"font-weight: 400;\">Newsletter verschicken<\/span><\/li>\n<li style=\"font-weight: 400;\"><span style=\"font-weight: 400;\">Sie anzurufen oder per E-Mail zu kontaktieren, falls dies zur Erbringung unserer Dienstleistungen erforderlich ist<\/span><\/li>\n<li style=\"font-weight: 400;\"><span style=\"font-weight: 400;\">Scooter Huren Zeeland verarbeitet personenbezogene Daten auch, wenn wir dazu gesetzlich verpflichtet sind<\/span><\/li>\n<\/ul>\n<p><strong>WERDEN IHRE DATEN F\u00dcR EINE AUTOMATISIERTE ENTSCHEIDUNGSFINDUNG (Z.B. PROFILING) VERWENDET?<br \/>\n<\/strong><span style=\"font-weight: 400;\">Nein, haben wir nicht.<\/span><\/p>\n<p><strong>WIE LANGE WIR PERS\u00d6NLICHE DATEN AUFBEWAHREN<br \/>\n<\/strong><span style=\"font-weight: 400;\">Ihre pers\u00f6nlichen Daten werden so lange aufbewahrt, wie es f\u00fcr die Durchf\u00fchrung eines Vertrags und\/oder einer Vermittlung unter Einhaltung der gesetzlich vorgeschriebenen Fristen erforderlich ist. Wenn es zu keiner Einigung und\/oder Vermittlung kommt, werden Ihre Daten 8 Wochen lang aufbewahrt und dann vernichtet.<\/span><\/p>\n<p><strong>WEITERGABE PERSONENBEZOGENER DATEN AN DRITTE<br \/>\n<\/strong><span style=\"font-weight: 400;\">Scooter Huren Zeeland gibt personenbezogene Daten nur dann an Dritte weiter, wenn dies f\u00fcr die Erf\u00fcllung unserer Vereinbarung mit Ihnen oder zur Erf\u00fcllung einer gesetzlichen Verpflichtung erforderlich ist.<\/span><\/p>\n<p><strong>WERDEN IHRE PERS\u00d6NLICHEN DATEN AUCH AUSSERHALB DER EU VERARBEITET?<br \/>\n<\/strong><span style=\"font-weight: 400;\">Nein, wir verarbeiten Ihre pers\u00f6nlichen Daten nur innerhalb der EU und so weit wie m\u00f6glich in den Niederlanden.<\/span><\/p>\n<p><strong>COOKIES<br \/>\n<\/strong><span style=\"font-weight: 400;\">Wir verwenden Cookies. Ein Cookie ist eine Datei, die unsere Website (Server) auf Ihrem Computer, Tablet oder Telefon (Ger\u00e4t) platziert, mit dem Sie diese Website besuchen. Indem Sie Ihren Besuch fortsetzen, auf Links oder Abschnitte klicken oder in irgendeiner Weise auf dieser Website weitersurfen, geben Sie durch eine aktive Handlung zu verstehen, dass Sie mit dem Setzen von Cookies f\u00fcr die in dieser Datenschutzerkl\u00e4rung genannten Zwecke einverstanden sind. Wenn Sie nicht damit einverstanden sind, dass wir Cookies setzen, kann dies den Betrieb der Website beeintr\u00e4chtigen. Sie k\u00f6nnen dann wie folgt vorgehen:<\/span><\/p>\n<ul>\n<li style=\"font-weight: 400;\"><span style=\"font-weight: 400;\">L\u00f6schen von Cookies aus Ihrem Browser<\/span><\/li>\n<li style=\"font-weight: 400;\"><span style=\"font-weight: 400;\">Stellen Sie Ihren Browser so ein, dass er Cookies nicht automatisch akzeptiert<\/span><\/li>\n<\/ul>\n<p><span style=\"font-weight: 400;\">Je nach den Einstellungen Ihres Browsers funktioniert unsere Website m\u00f6glicherweise nicht so gut. Um unsere Websites optimal nutzen zu k\u00f6nnen, empfehlen wir Ihnen, Cookies zu aktivieren.<\/span><\/p>\n<p><strong>Welche Cookies verwendet diese Website?<\/strong><\/p>\n<ol>\n<li style=\"font-weight: 400;\"><span style=\"font-weight: 400;\">Funktionale Cookies<\/span><\/li>\n<\/ol>\n<p><span style=\"font-weight: 400;\">Wir verwenden sie, um Teile unserer Websites bequemer zu gestalten, so dass Sie beispielsweise nicht immer wieder dieselben Dinge ausf\u00fcllen oder anklicken m\u00fcssen. Sie erkennen es an seinem Namen: PHPSESSID<\/span><\/p>\n<ol>\n<li style=\"font-weight: 400;\"><span style=\"font-weight: 400;\">Analytische Cookies<\/span><\/li>\n<li style=\"font-weight: 400;\"><span style=\"font-weight: 400;\">Google Analytics: Sie erkennen dieses Cookie an den Namen _ga, _gat, _utma, _utmb, _utmc, _utmv oder _utmz. Sie k\u00f6nnen die Datenschutzerkl\u00e4rung von Google hier einsehen.<\/span><\/li>\n<\/ol>\n<p><strong>WIE K\u00d6NNEN SIE BEI UNS ZUGANG ZU VERARBEITETEN PERSONENBEZOGENEN DATEN BEANTRAGEN? UND WIE VERH\u00c4LT ES SICH MIT DER BERICHTIGUNG ODER L\u00d6SCHUNG IHRER PERSONENBEZOGENEN DATEN\/DEM WIDERRUF IHRER EINWILLIGUNG ODER WENN SIE DAS RECHT AUF DATEN\u00dcBERTRAGBARKEIT AUS\u00dcBEN M\u00d6CHTEN ODER WENN SIE EINE BESCHWERDE ODER EINEN EINSPRUCH IM ZUSAMMENHANG MIT DER VERARBEITUNG IHRER PERSONENBEZOGENEN DATEN HABEN?<br \/>\n<\/strong><span style=\"font-weight: 400;\">Sie k\u00f6nnen uns unter info@scooterhurenzeelandl.nl kontaktieren. In jedem Fall werden wir Ihre Anfrage dann innerhalb der vorgeschriebenen 30-Tage-Frist bearbeiten. Eine Beschwerde bei der Beh\u00f6rde f\u00fcr personenbezogene Daten einreichen? Sie k\u00f6nnen dies \u00fcber den folgenden Link tun: <\/span><a href=\"https:\/\/autoriteitpersoonsgegevens.nl\/nl\/contact-met-de-autoriteit-persoonsgegevens\/tip-ons\"><span style=\"font-weight: 400;\">https:\/\/autoriteitpersoonsgegevens.nl\/nl\/contact-met-de-autoriteit-persoonsgegevens\/tip-ons<\/span><\/a><span style=\"font-weight: 400;\">. Um sicherzustellen, dass der Antrag auf Einsichtnahme von Ihnen gestellt wird, bitten wir Sie, dem Antrag eine Kopie Ihres Identit\u00e4tsnachweises beizuf\u00fcgen. Schw\u00e4rzen Sie in dieser Kopie Ihr Passfoto, die MRZ (maschinenlesbare Zone, der Zahlenstreifen am unteren Rand des Passes), die Passnummer und die B\u00fcrgerservicenummer (BSN). Dies dient dem Schutz Ihrer Privatsph\u00e4re.<\/span><\/p>\n<p><strong>WIE WIR PERS\u00d6NLICHE DATEN SCH\u00dcTZEN<br \/>\n<\/strong><span style=\"font-weight: 400;\">Scooterverleih Zeeland nimmt den Schutz Ihrer Daten ernst und ergreift geeignete Ma\u00dfnahmen, um Missbrauch, Verlust, unbefugten Zugriff, unerw\u00fcnschte Offenlegung und unbefugte \u00c4nderung zu verhindern. Wenn Sie den Eindruck haben, dass Ihre Daten nicht ordnungsgem\u00e4\u00df gesichert sind oder es Anzeichen f\u00fcr einen Missbrauch gibt, wenden Sie sich bitte an unseren Kundenservice oder an info@scooterhurenzeeland.nl<\/span><\/p>\n<p>&nbsp;<\/p>\n","protected":false},"excerpt":{"rendered":"<p>Lieber Besucher, Vielen Dank, dass Sie unsere Website besuchen und uns \u00fcber das Kontakt-, Newsletter- und\/oder Bestellformular Informationen zukommen lassen. Wir m\u00f6chten zeigen, dass wir Ihre Daten mit Sorgfalt behandeln. WER SIND WIR? Scooter Rental Zeeland, Handelsname Blue Green Holiday, mit Sitz in der Irislaan 15 in Yerseke, ist f\u00fcr die Verarbeitung der personenbezogenen Daten [&hellip;]<\/p>\n","protected":false},"author":1,"featured_media":0,"parent":0,"menu_order":0,"comment_status":"closed","ping_status":"closed","template":"","meta":{"_acf_changed":false,"footnotes":""},"class_list":["post-895","page","type-page","status-publish","hentry"],"acf":[],"yoast_head":"<!-- This site is optimized with the Yoast SEO plugin v27.2 - https:\/\/yoast.com\/product\/yoast-seo-wordpress\/ -->\n<title>Datenschutzbestimmungen - Scooter Huren Zeeland<\/title>\n<meta name=\"description\" content=\"Wir glauben, dass es wichtig ist, alles transparent zu halten. Wir zeigen Ihnen dann gerne, dass wir Ihre Daten mit Sorgfalt behandeln.\" \/>\n<meta name=\"robots\" content=\"index, follow, max-snippet:-1, max-image-preview:large, max-video-preview:-1\" \/>\n<link rel=\"canonical\" href=\"https:\/\/www.scooterhurenzeeland.nl\/de\/datenschutzbestimmungen\/\" \/>\n<meta property=\"og:locale\" content=\"de_DE\" \/>\n<meta property=\"og:type\" content=\"article\" \/>\n<meta property=\"og:title\" content=\"Datenschutzbestimmungen - Scooter Huren Zeeland\" \/>\n<meta property=\"og:description\" content=\"Wir glauben, dass es wichtig ist, alles transparent zu halten. Wir zeigen Ihnen dann gerne, dass wir Ihre Daten mit Sorgfalt behandeln.\" \/>\n<meta property=\"og:url\" content=\"https:\/\/www.scooterhurenzeeland.nl\/de\/datenschutzbestimmungen\/\" \/>\n<meta property=\"og:site_name\" content=\"Scooter Huren Zeeland\" \/>\n<meta property=\"article:modified_time\" content=\"2024-05-03T13:36:58+00:00\" \/>\n<meta name=\"twitter:card\" content=\"summary_large_image\" \/>\n<meta name=\"twitter:label1\" content=\"Gesch\u00e4tzte Lesezeit\" \/>\n\t<meta name=\"twitter:data1\" content=\"4\u00a0Minuten\" \/>\n<script type=\"application\/ld+json\" class=\"yoast-schema-graph\">{\"@context\":\"https:\/\/schema.org\",\"@graph\":[{\"@type\":\"WebPage\",\"@id\":\"https:\/\/www.scooterhurenzeeland.nl\/de\/datenschutzbestimmungen\/\",\"url\":\"https:\/\/www.scooterhurenzeeland.nl\/de\/datenschutzbestimmungen\/\",\"name\":\"Datenschutzbestimmungen - Scooter Huren Zeeland\",\"isPartOf\":{\"@id\":\"https:\/\/www.scooterhurenzeeland.nl\/de\/#website\"},\"datePublished\":\"2020-03-18T19:45:04+00:00\",\"dateModified\":\"2024-05-03T13:36:58+00:00\",\"description\":\"Wir glauben, dass es wichtig ist, alles transparent zu halten. Wir zeigen Ihnen dann gerne, dass wir Ihre Daten mit Sorgfalt behandeln.\",\"breadcrumb\":{\"@id\":\"https:\/\/www.scooterhurenzeeland.nl\/de\/datenschutzbestimmungen\/#breadcrumb\"},\"inLanguage\":\"de\",\"potentialAction\":[{\"@type\":\"ReadAction\",\"target\":[\"https:\/\/www.scooterhurenzeeland.nl\/de\/datenschutzbestimmungen\/\"]}]},{\"@type\":\"BreadcrumbList\",\"@id\":\"https:\/\/www.scooterhurenzeeland.nl\/de\/datenschutzbestimmungen\/#breadcrumb\",\"itemListElement\":[{\"@type\":\"ListItem\",\"position\":1,\"name\":\"Home\",\"item\":\"https:\/\/www.scooterhurenzeeland.nl\/de\/\"},{\"@type\":\"ListItem\",\"position\":2,\"name\":\"Datenschutzbestimmungen\"}]},{\"@type\":\"WebSite\",\"@id\":\"https:\/\/www.scooterhurenzeeland.nl\/de\/#website\",\"url\":\"https:\/\/www.scooterhurenzeeland.nl\/de\/\",\"name\":\"Scooter Huren Zeeland\",\"description\":\"De ideale manier om deze provincie te ontdekken\",\"potentialAction\":[{\"@type\":\"SearchAction\",\"target\":{\"@type\":\"EntryPoint\",\"urlTemplate\":\"https:\/\/www.scooterhurenzeeland.nl\/de\/?s={search_term_string}\"},\"query-input\":{\"@type\":\"PropertyValueSpecification\",\"valueRequired\":true,\"valueName\":\"search_term_string\"}}],\"inLanguage\":\"de\"}]}<\/script>\n<!-- \/ Yoast SEO plugin. -->","yoast_head_json":{"title":"Datenschutzbestimmungen - Scooter Huren Zeeland","description":"Wir glauben, dass es wichtig ist, alles transparent zu halten. Wir zeigen Ihnen dann gerne, dass wir Ihre Daten mit Sorgfalt behandeln.","robots":{"index":"index","follow":"follow","max-snippet":"max-snippet:-1","max-image-preview":"max-image-preview:large","max-video-preview":"max-video-preview:-1"},"canonical":"https:\/\/www.scooterhurenzeeland.nl\/de\/datenschutzbestimmungen\/","og_locale":"de_DE","og_type":"article","og_title":"Datenschutzbestimmungen - Scooter Huren Zeeland","og_description":"Wir glauben, dass es wichtig ist, alles transparent zu halten. Wir zeigen Ihnen dann gerne, dass wir Ihre Daten mit Sorgfalt behandeln.","og_url":"https:\/\/www.scooterhurenzeeland.nl\/de\/datenschutzbestimmungen\/","og_site_name":"Scooter Huren Zeeland","article_modified_time":"2024-05-03T13:36:58+00:00","twitter_card":"summary_large_image","twitter_misc":{"Gesch\u00e4tzte Lesezeit":"4\u00a0Minuten"},"schema":{"@context":"https:\/\/schema.org","@graph":[{"@type":"WebPage","@id":"https:\/\/www.scooterhurenzeeland.nl\/de\/datenschutzbestimmungen\/","url":"https:\/\/www.scooterhurenzeeland.nl\/de\/datenschutzbestimmungen\/","name":"Datenschutzbestimmungen - Scooter Huren Zeeland","isPartOf":{"@id":"https:\/\/www.scooterhurenzeeland.nl\/de\/#website"},"datePublished":"2020-03-18T19:45:04+00:00","dateModified":"2024-05-03T13:36:58+00:00","description":"Wir glauben, dass es wichtig ist, alles transparent zu halten. Wir zeigen Ihnen dann gerne, dass wir Ihre Daten mit Sorgfalt behandeln.","breadcrumb":{"@id":"https:\/\/www.scooterhurenzeeland.nl\/de\/datenschutzbestimmungen\/#breadcrumb"},"inLanguage":"de","potentialAction":[{"@type":"ReadAction","target":["https:\/\/www.scooterhurenzeeland.nl\/de\/datenschutzbestimmungen\/"]}]},{"@type":"BreadcrumbList","@id":"https:\/\/www.scooterhurenzeeland.nl\/de\/datenschutzbestimmungen\/#breadcrumb","itemListElement":[{"@type":"ListItem","position":1,"name":"Home","item":"https:\/\/www.scooterhurenzeeland.nl\/de\/"},{"@type":"ListItem","position":2,"name":"Datenschutzbestimmungen"}]},{"@type":"WebSite","@id":"https:\/\/www.scooterhurenzeeland.nl\/de\/#website","url":"https:\/\/www.scooterhurenzeeland.nl\/de\/","name":"Scooter Huren Zeeland","description":"De ideale manier om deze provincie te ontdekken","potentialAction":[{"@type":"SearchAction","target":{"@type":"EntryPoint","urlTemplate":"https:\/\/www.scooterhurenzeeland.nl\/de\/?s={search_term_string}"},"query-input":{"@type":"PropertyValueSpecification","valueRequired":true,"valueName":"search_term_string"}}],"inLanguage":"de"}]}},"_links":{"self":[{"href":"https:\/\/www.scooterhurenzeeland.nl\/de\/wp-json\/wp\/v2\/pages\/895","targetHints":{"allow":["GET"]}}],"collection":[{"href":"https:\/\/www.scooterhurenzeeland.nl\/de\/wp-json\/wp\/v2\/pages"}],"about":[{"href":"https:\/\/www.scooterhurenzeeland.nl\/de\/wp-json\/wp\/v2\/types\/page"}],"author":[{"embeddable":true,"href":"https:\/\/www.scooterhurenzeeland.nl\/de\/wp-json\/wp\/v2\/users\/1"}],"replies":[{"embeddable":true,"href":"https:\/\/www.scooterhurenzeeland.nl\/de\/wp-json\/wp\/v2\/comments?post=895"}],"version-history":[{"count":1,"href":"https:\/\/www.scooterhurenzeeland.nl\/de\/wp-json\/wp\/v2\/pages\/895\/revisions"}],"predecessor-version":[{"id":896,"href":"https:\/\/www.scooterhurenzeeland.nl\/de\/wp-json\/wp\/v2\/pages\/895\/revisions\/896"}],"wp:attachment":[{"href":"https:\/\/www.scooterhurenzeeland.nl\/de\/wp-json\/wp\/v2\/media?parent=895"}],"curies":[{"name":"wp","href":"https:\/\/api.w.org\/{rel}","templated":true}]}}